{"id":54,"date":"2022-07-05T11:30:52","date_gmt":"2022-07-05T02:30:52","guid":{"rendered":"https:\/\/altech.co.jp\/product\/davinor\/?page_id=54"},"modified":"2022-07-06T11:11:48","modified_gmt":"2022-07-06T02:11:48","slug":"feature","status":"publish","type":"page","link":"https:\/\/altech.co.jp\/product\/davinor\/feature\/","title":{"rendered":"LayerGauge\u306e\u7279\u6027"},"content":{"rendered":"\n<h2 class=\"has-large-font-size\" style=\"font-style:normal;font-weight:800\">LayerGauge\u306e\u7279\u6027<\/h2>\n\n\n\n<p>\u5e72\u6e09\u8a08\u306f\u3001\u5149\u8ef8\u306e\u7570\u306a\u308b\u5149\u3092\u91cd\u306d\u5408\u308f\u305b\u305f\u6642\u306b\u751f\u3058\u308b\u5149\u306e\u5e72\u6e09\u73fe\u8c61\u3092\u5fdc\u7528\u3057\u307e\u3059\u304c\u3001\u30b3\u30d2\u30fc\u30ec\u30f3\u30b9\u9577\u3092\u77ed\u304f\u3057\u3066\u3001\u53ef\u5e72\u6e09\u6027\u3092\u826f\u304f\u3059\u308b\u305f\u3081\u306b\u767d\u8272\u5149\u3092\u5149\u6e90\u3068\u3057\u3066\u3044\u307e\u3059\u3002<br>\u5149\u6e90\u304b\u3089\u88ab\u5199\u4f53\u306b\u7167\u5c04\u3055\u308c\u305f\u5149\u306f\u3001\u8868\u9762\u304a\u3088\u3073\u88cf\u9762\u3001\u5404\u5c64\u306e\u5c64\u9593\u3067\u53cd\u5c04\u3057\u3001\u5e72\u6e09\u8a08\u306b\u623b\u3057\u307e\u3059\u3002<br>\u5c64\u9593\u3067\u751f\u3058\u308b\u53cd\u5c04\u306f\u3001\u305d\u308c\u305e\u308c\u306e\u6750\u8cea\u56fa\u6709\u306e\u5c48\u6298\u7387\u304c\u7d040.01\u4ee5\u4e0a\u7570\u306a\u3063\u3066\u3044\u308c\u3070\u3001\u6e2c\u5b9a\u53ef\u80fd\u306a\u53cd\u5c04\u5149\u3092\u691c\u51fa\u3059\u308b\u3053\u3068\u304c\u3067\u304d\u307e\u3059\u3002<br>\u900f\u660e\u306a\u30d5\u30a3\u30eb\u30e0\u306f\u3082\u3061\u308d\u3093\u3001\u7740\u8272\u3057\u3066\u3042\u308b\u3082\u306e\u3001\u70ad\u9178\u30ab\u30eb\u30b7\u30a6\u30e0\u3092\u591a\u304f\u542b\u6709\u3059\u308b\u6709\u8272\u3082\u3057\u304f\u306f\u767d\u8272\u6750\u6599\u3067\u3042\u3063\u3066\u3082\u5a92\u8cea\u4e2d\u3092\u5149\u304c\u900f\u904e\u3059\u308c\u3070\u6e2c\u5b9a\u304c\u53ef\u80fd\u3067\u3059\u3002<\/p>\n\n\n\n<p>\u5c64\u5185\u3067\u5c48\u6298\u7387\u304c\u4e0d\u5747\u4e00\u3067\u5e72\u6e09\u5149\u304c\u4e0d\u5b89\u5b9a\u306a\u5a92\u8cea\u3082\u3088\u304f\u3042\u308a\u307e\u3059\u304c\u3001\u305d\u3046\u3044\u3046\u5834\u5408\u306f\u6e2c\u5b9a\u30dd\u30a4\u30f3\u30c8\u3092\u50c5\u304b\u305a\u3064\u79fb\u52d5\u3057\u3066\u5e73\u5747\u5024\u3092\u7b97\u51fa\u3059\u308b\u3068\u3044\u3046\u65b9\u6cd5\u304c\u3042\u308a\u307e\u3059\u3002<br>\u307e\u305f\u3001\u900f\u660e\u5ea6\u304c\u9ad8\u304f\u3001\u88cf\u9762\u304b\u3089\u306e\u53cd\u5c04\u5149\u304c\u5185\u90e8\u3067\u518d\u3073\u5e72\u6e09\u3059\u308b\u306e\u306b\u5145\u5206\u306a\u5149\u91cf\u3092\u691c\u51fa\u3057\u3066\u3057\u307e\u3046\u5a92\u8cea\u306e\u5834\u5408\u306f\u3001\u539a\u307f\u6e2c\u5b9a\u306b\u5fc5\u8981\u306a\u53cd\u5c04\u5149\u3068\u533a\u5225\u3059\u308b\u5fc5\u8981\u304c\u3042\u308a\u307e\u3059\u304c\u3001\u30bd\u30d5\u30c8\u30a6\u30a7\u30a2\u306e\u30a2\u30eb\u30b4\u30ea\u30ba\u30e0\u8a2d\u5b9a\uff08\u30d1\u30e9\u30e1\u30fc\u30bf\u8a2d\u5b9a\uff09\u3067\u533a\u5225\u3059\u308b\u3053\u3068\u304c\u3067\u304d\u307e\u3059\u3002<\/p>\n\n\n\n<h4 class=\"style3b\">\u30d5\u30a3\u30eb\u30e0\u539a\u6e2c\u5b9a\u7bc4\u56f2<\/h4>\n\n\n\n<ul><li>LG16<br>\u7dcf\u539a 800 \u03bcm<br>\u6700\u5c0f\u5404\u5c64\u30d5\u30a3\u30eb\u30e0\u539a\uff1a1.0 \u03bcm<\/li><li>LG32<br>\u7dcf\u539a 650 \u03bcm\uff08\u30d5\u30a3\u30eb\u30e0\u81ea\u52d5\u9001\u308a\u4f7f\u7528\u6642\uff09<br>\u7dcf\u539a 1.2 mm\uff08\u30d5\u30a3\u30eb\u30e0\u81ea\u52d5\u9001\u308a\u4e0d\u4f7f\u7528\u6642\uff09<br>\u6700\u5c0f\u5404\u5c64\u30d5\u30a3\u30eb\u30e0\u539a\uff1a1.0 \u03bcm<\/li><\/ul>\n\n\n\n<p>\u6e2c\u5b9a\u53ef\u80fd\u7a4d\u5c64\u6570\uff1a\u6700\u592716\u5c64<\/p>\n\n\n\n<h4 class=\"style3b\">\u5e72\u6e09\u8a08\u306e\u69cb\u6210<\/h4>\n\n\n<div class=\"wp-block-image\">\n<figure class=\"aligncenter\"><img src=\"https:\/\/www.altech.co.jp\/wp-content\/uploads\/2021\/11\/81b66e82b309e31fbe79e5f82bd7a248-670x322.png\" alt=\"\" class=\"wp-image-13957\"\/><\/figure><\/div>\n\n\n<h4 class=\"style3b\">\u6e2c\u5b9a\u4e2d\u306e\u5e72\u6e09\u5149\u691c\u51fa\uff08\u30d4\u30fc\u30af\u30b9\u30b3\u30fc\u30d7\uff09\u753b\u9762<\/h4>\n\n\n\n<p>\u6e2c\u5b9a\u306f\u3001\u5e72\u6e09\u5149\u304c\u691c\u51fa\u3055\u308c\u308b\u3068\u81ea\u52d5\u7684\u306b\u30d4\u30fc\u30af\u90e8\u5206\u306b\u756a\u53f7\u304c\u8868\u793a\u3055\u308c\u307e\u3059\u3002<br>\u30d4\u30fc\u30af\u90e8\u5206\u306e0\u30681\u306e\u9593\u3001\u753b\u9762\u4e0a\u306e\u65b9\u306b\u201d1\u201d\u3068\u8868\u793a\u3055\u308c\u3066\u3044\u308b\u90e8\u5206\u304c\u7b2c\uff11\u5c64\u3067\u3059\u3002\u4e0b\u306e\u56f3\u306e\u5834\u5408\u306f\u3001\u7b2c\uff17\u5c64\u307e\u3067\u3042\u308b\u8a66\u6599\u3060\u3068\u3044\u3046\u3053\u3068\u304c\u308f\u304b\u308a\u307e\u3059\u3002<\/p>\n\n\n<div class=\"wp-block-image\">\n<figure class=\"aligncenter\"><a href=\"https:\/\/www.altech.co.jp\/wp-content\/uploads\/2021\/11\/Davinor-LG2-Auto-Signal.bmp\"><img src=\"https:\/\/www.altech.co.jp\/wp-content\/uploads\/2021\/11\/Davinor-LG2-Auto-Signal-670x503.jpg\" alt=\"\" class=\"wp-image-13959\"\/><\/a><\/figure><\/div>\n\n\n<h4 class=\"style3b\">\u8a66\u6599\u306b\u5bfe\u3059\u308b\u6e2c\u5b9a\u8a2d\u5b9a\u753b\u9762<\/h4>\n\n\n\n<p>\u4e8b\u524d\u306b\u8a66\u6599\u306e\u30d1\u30e9\u30e1\u30fc\u30bf\u3092\u8a2d\u5b9a\u3057\u3066\u304a\u304f\u3068\u6e2c\u5b9a\u3092\u52b9\u7387\u826f\u304f\u884c\u3046\u3053\u3068\u304c\u3067\u304d\u307e\u3059\u3002<br>\u6700\u5927\u7b2c16\u5c64\u307e\u3067\u3001\u5404\u5c64\u306e\u6750\u8cea\u540d\u3001\u5c48\u6298\u7387\u3001\u6a19\u6e96\u306e\u539a\u307f\u3001\u691c\u51fa\u30a2\u30eb\u30b4\u30ea\u30ba\u30e0\u3092\u8a2d\u5b9a\u3067\u304d\u307e\u3059\u3002<br>\u307e\u305f\u3001\u4e00\u5ea6\u8a2d\u5b9a\u3057\u305f\u30d1\u30e9\u30e1\u30fc\u30bf\u306f\u540d\u524d\u3092\u3064\u3051\u3066\u767b\u9332\u3057\u3066\u304a\u304f\u3053\u3068\u304c\u3067\u304d\u307e\u3059\u3002\u4e00\u90e8\u5206\u3060\u3051\u8a2d\u5b9a\u3092\u5909\u66f4\u3057\u305f\u69d8\u306a\u5834\u5408\u3067\u3082\u3001\u5225\u306e\u540d\u524d\u3092\u3064\u3051\u3066\u767b\u9332\u3059\u308c\u3070\u3001\u65b0\u65e7\u4e21\u65b9\u3092\u4fdd\u5b58\u3057\u3066\u304a\u304f\u3053\u3068\u3082\u53ef\u80fd\u3067\u3059\u3002<\/p>\n\n\n<div class=\"wp-block-image\">\n<figure class=\"aligncenter\"><a href=\"https:\/\/www.altech.co.jp\/wp-content\/uploads\/2021\/11\/Davinor-LG2-Program.bmp\"><img src=\"https:\/\/www.altech.co.jp\/wp-content\/uploads\/2021\/11\/Davinor-LG2-Program-670x503.jpg\" alt=\"\" class=\"wp-image-13965\"\/><\/a><\/figure><\/div>\n\n\n<h4 class=\"style3b\">\u30d7\u30ed\u30d5\u30a1\u30a4\u30eb\u30c7\u30fc\u30bf\u8868\u793a<\/h4>\n\n\n\n<p>\u591a\u6570\u306e\u6e2c\u5b9a\u70b9\u304c\u3042\u308b\u5834\u5408\u3001\u6e2c\u5b9a\u6bce\u306e\u30c7\u30fc\u30bf\u3092\u4e26\u3079\u3066\u30d7\u30ed\u30d5\u30a1\u30a4\u30eb\u3092\u8868\u793a\u3057\u307e\u3059\u3002<\/p>\n\n\n<div class=\"wp-block-image\">\n<figure class=\"aligncenter\"><a href=\"https:\/\/www.altech.co.jp\/wp-content\/uploads\/2021\/11\/Davinor-LG2-Profile.bmp\"><img src=\"https:\/\/www.altech.co.jp\/wp-content\/uploads\/2021\/11\/Davinor-LG2-Profile-670x503.jpg\" alt=\"\" class=\"wp-image-13963\"\/><\/a><\/figure><\/div>\n\n\n<h4 class=\"style3b\">\u7d71\u8a08\u6570\u5024\u30c7\u30fc\u30bf<\/h4>\n\n\n\n<p>\u7d71\u8a08\u7684\u306a\u6570\u5024\u30c7\u30fc\u30bf\u304c\u5fc5\u8981\u306a\u5834\u5408\u306f\u3001\u4e0b\u56f3\u306e\u3088\u3046\u306a\u6700\u5927\u30fb\u6700\u5c0f\u5024\u3001\u5e73\u5747\u5024\u3001\u6a19\u6e96\u504f\u5dee\u5024\u306a\u3069\u3092\u8868\u793a\u3059\u308b\u3053\u3068\u304c\u3067\u304d\u307e\u3059\u3002<\/p>\n\n\n<div class=\"wp-block-image\">\n<figure class=\"aligncenter\"><img src=\"https:\/\/www.altech.co.jp\/wp-content\/uploads\/2021\/11\/Davinor-LG2-Data-670x503.jpg\" alt=\"\" class=\"wp-image-13961\"\/><\/figure><\/div>\n\n\n<h4 class=\"style3b\">\u6e2c\u5b9a\u5668\u306e\u7cbe\u5ea6\u7ba1\u7406<\/h4>\n\n\n\n<p>LayerGauge\u306f\u3001\u53ef\u52d5\u30df\u30e9\u30fc\u306e\u4f4d\u7f6e\u3092CCD\u30e9\u30a4\u30f3\u30bb\u30f3\u30b5\u30fc\u3067\u8aad\u307f\u53d6\u308a\u307e\u3059\u304c\u3001CCD\u30bb\u30f3\u30b5\u30fc\u81ea\u4f53\u304c\u6e29\u5ea6\u3084\u7d4c\u5e74\u306b\u3088\u3063\u3066\u5927\u304d\u304f\u5909\u5316\u3059\u308b\u3053\u3068\u306f\u3042\u308a\u307e\u305b\u3093\u3002\u3057\u305f\u304c\u3063\u3066\u4e00\u5ea6\u6821\u6b63\u3092\u3059\u308c\u3070\u3001\u76f8\u5f53\u306a\u5e74\u6570\u3092\u7d4c\u904e\u3057\u3066\u3082\u7cbe\u5ea6\u306f\u5909\u308f\u308a\u307e\u305b\u3093\u3002\u307e\u305f\u3001\u4ed8\u5c5e\u54c1\u3068\u3057\u3066\u3001Air Gap\uff08\u7a7a\u6c17\u306e\u5c48\u6298\u7387\u304c1.00\uff09\u3067\u691c\u5b9a\u3055\u308c\u305f\u6821\u6b63\u7528\u306e\u30ac\u30e9\u30b9\u677f\u304c\u3042\u308a\u307e\u3059\u306e\u3067\u3001\u6e2c\u5b9a\u7cbe\u5ea6\u3092\u5b9a\u671f\u7684\u306b\u78ba\u8a8d\u3059\u308b\u3053\u3068\u304c\u3067\u304d\u307e\u3059\u3002<\/p>\n\n\n\n<p><img loading=\"lazy\" width=\"670\" height=\"300\" src=\"https:\/\/www.altech.co.jp\/wp-content\/uploads\/2021\/11\/Calibration-Glass-1-670x300.jpg\" alt=\"\"><\/p>\n\n\n\n<h4 class=\"style3b\">\u30b5\u30f3\u30d7\u30eb\u6e2c\u5b9a<\/h4>\n\n\n\n<p>Davinor\u793e\u3067\u306f\u8a55\u4fa1\u30c6\u30b9\u30c8\u3092\u53d7\u3051\u4ed8\u3051\u3066\u3044\u307e\u3059\u3002<br>\u30b5\u30f3\u30d7\u30eb\u304c\u6e2c\u5b9a\u53ef\u80fd\u304b\u3069\u3046\u304b\u3001\u3069\u306e\u3088\u3046\u306a\u30c7\u30fc\u30bf\u304c\u5f97\u3089\u308c\u308b\u304b\u306a\u3069\u3001\u8a55\u4fa1\u30c6\u30b9\u30c8\u3092\u3054\u5e0c\u671b\u3067\u3057\u305f\u3089\u4e0b\u8a18\u304a\u554f\u3044\u5408\u308f\u305b\u30d5\u30a9\u30fc\u30e0\u304b\u3089\u304a\u6c17\u8efd\u306b\u304a\u554f\u3044\u5408\u308f\u305b\u304f\u3060\u3055\u3044\u3002<\/p>\n\n\n\n<p id=\"js-cta\"><\/p>\n\n\n\n<div class=\"wp-block-contact-form-7-contact-form-selector\"><div role=\"form\" class=\"wpcf7\" id=\"wpcf7-f35-o1\" lang=\"ja\" dir=\"ltr\">\n<div class=\"screen-reader-response\"><p role=\"status\" aria-live=\"polite\" aria-atomic=\"true\"><\/p> <ul><\/ul><\/div>\n<form action=\"\/product\/davinor\/wp-json\/wp\/v2\/pages\/54#wpcf7-f35-o1\" method=\"post\" class=\"wpcf7-form init\" novalidate=\"novalidate\" data-status=\"init\">\n<div style=\"display: none;\">\n<input type=\"hidden\" name=\"_wpcf7\" value=\"35\" \/>\n<input type=\"hidden\" name=\"_wpcf7_version\" value=\"5.6\" \/>\n<input type=\"hidden\" name=\"_wpcf7_locale\" value=\"ja\" \/>\n<input type=\"hidden\" name=\"_wpcf7_unit_tag\" value=\"wpcf7-f35-o1\" \/>\n<input type=\"hidden\" name=\"_wpcf7_container_post\" value=\"0\" \/>\n<input type=\"hidden\" name=\"_wpcf7_posted_data_hash\" value=\"\" \/>\n<\/div>\n<table class=\"respStyle\">\n<tr>\n<th><span class=\"title-srt\">\u4f1a\u793e\u540d (\u5fc5\u9808) <\/span> <\/th>\n<td><span class=\"wpcf7-form-control-wrap\" data-name=\"your-company\"><input type=\"text\" name=\"your-company\" value=\"\" size=\"40\" class=\"wpcf7-form-control wpcf7-text wpcf7-validates-as-required\" aria-required=\"true\" aria-invalid=\"false\" placeholder=\"\u4f8b\uff1a\u30a2\u30eb\u30c6\u30c3\u30af\u682a\u5f0f\u4f1a\u793e\" \/><\/span> <\/td>\n<\/tr>\n<tr>\n<th> <span class=\"title-srt\">\u90e8\u7f72\u540d<\/span><\/th>\n<td><span class=\"wpcf7-form-control-wrap\" data-name=\"your-belong\"><input type=\"text\" name=\"your-belong\" value=\"\" size=\"40\" class=\"wpcf7-form-control wpcf7-text\" aria-invalid=\"false\" placeholder=\"\u4f8b\uff1a\u7b2c\u4e00\u55b6\u696d\u90e8\" \/><\/span> <\/td>\n<\/tr>\n<tr>\n<th><span class=\"title-srt\">\u304a\u540d\u524d (\u5fc5\u9808) <\/span><\/th>\n<td><span class=\"wpcf7-form-control-wrap\" data-name=\"your-name\"><input type=\"text\" name=\"your-name\" value=\"\" size=\"40\" class=\"wpcf7-form-control wpcf7-text wpcf7-validates-as-required\" aria-required=\"true\" aria-invalid=\"false\" placeholder=\"\u4f8b\uff1a\u6709\u90fd \u4e00\u90ce\" \/><\/span> <\/td>\n<\/tr>\n<tr>\n<th><span class=\"title-srt\">\u30e1\u30fc\u30eb\u30a2\u30c9\u30ec\u30b9 (\u5fc5\u9808) <\/span><\/th>\n<td><span class=\"wpcf7-form-control-wrap\" data-name=\"your-email\"><input type=\"email\" name=\"your-email\" value=\"\" size=\"40\" class=\"wpcf7-form-control wpcf7-text wpcf7-email wpcf7-validates-as-required wpcf7-validates-as-email\" aria-required=\"true\" aria-invalid=\"false\" placeholder=\"\u4f8b\uff1a\u00d7\u00d7\u00d7@\u00d7\u00d7\u00d7.com\" \/><\/span><\/td>\n<\/tr>\n<tr>\n<th><span class=\"title-srt\">\u96fb\u8a71\u756a\u53f7 (\u5fc5\u9808) <\/span><\/th>\n<td><span class=\"wpcf7-form-control-wrap\" data-name=\"tel\"><input type=\"tel\" name=\"tel\" value=\"\" size=\"40\" class=\"wpcf7-form-control wpcf7-text wpcf7-tel wpcf7-validates-as-required wpcf7-validates-as-tel\" aria-required=\"true\" aria-invalid=\"false\" placeholder=\"\u4f8b\uff1a00-0000-0000\" \/><\/span> <\/td>\n<\/tr>\n<tr>\n<th><span class=\"title-srt\">\u90f5\u4fbf\u756a\u53f7 (\u5fc5\u9808) <\/span><\/th>\n<td><span class=\"wpcf7-form-control-wrap\" data-name=\"zip\"><input type=\"text\" name=\"zip\" value=\"\" size=\"40\" class=\"wpcf7-form-control wpcf7-text wpcf7-validates-as-required\" id=\"zip\" aria-required=\"true\" aria-invalid=\"false\" placeholder=\"\u90f5\u4fbf\u756a\u53f7\u3092\u5165\u529b\u3067\u3001\u4f4f\u6240\u304c\u81ea\u52d5\u3067\u5165\u529b\" \/><\/span> <\/td>\n<\/tr>\n<tr>\n<th><span class=\"title-srt\">\u90fd\u9053\u5e9c\u770c (\u5fc5\u9808) <\/span><\/th>\n<td><span class=\"wpcf7-form-control-wrap\" data-name=\"pref\"><input type=\"text\" name=\"pref\" value=\"\" size=\"40\" class=\"wpcf7-form-control wpcf7-text wpcf7-validates-as-required\" id=\"pref\" aria-required=\"true\" aria-invalid=\"false\" placeholder=\"\u4f8b\uff1a\u25cb\u25cb\u770c\" \/><\/span><\/td>\n<\/tr>\n<tr>\n<th><span class=\"title-srt\">\u3054\u4f4f\u6240 (\u5fc5\u9808) <\/span><\/th>\n<td><span class=\"wpcf7-form-control-wrap\" data-name=\"addr\"><input type=\"text\" name=\"addr\" value=\"\" size=\"40\" class=\"wpcf7-form-control wpcf7-text wpcf7-validates-as-required\" id=\"addr\" aria-required=\"true\" aria-invalid=\"false\" placeholder=\"\u4f8b\uff1a\u25cb\u25cb\u5e02\u25cb\u25cb\u753a1\u4e01\u76ee2-3 \u25cb\u25cb\u30d3\u30eb\" \/><\/span><\/td>\n<\/tr>\n<tr>\n<th><span class=\"title-srt\">\u304a\u554f\u3044\u5408\u308f\u305b\u5185\u5bb9 (\u5fc5\u9808) <\/span><\/th>\n<td> <span class=\"wpcf7-form-control-wrap\" data-name=\"naiyo\"><span class=\"wpcf7-form-control wpcf7-checkbox wpcf7-validates-as-required\"><span class=\"wpcf7-list-item first\"><label><input type=\"checkbox\" name=\"naiyo[]\" value=\"\u30aa\u30f3\u30e9\u30a4\u30f3\u306b\u3088\u308b\u3054\u8aac\u660e\u30fb\u3054\u76f8\u8ac7\" \/><span class=\"wpcf7-list-item-label\">\u30aa\u30f3\u30e9\u30a4\u30f3\u306b\u3088\u308b\u3054\u8aac\u660e\u30fb\u3054\u76f8\u8ac7<\/span><\/label><\/span><span class=\"wpcf7-list-item\"><label><input type=\"checkbox\" name=\"naiyo[]\" value=\"\u8a2a\u554f\u306b\u3088\u308b\u3054\u8aac\u660e\u30fb\u3054\u76f8\u8ac7\" \/><span class=\"wpcf7-list-item-label\">\u8a2a\u554f\u306b\u3088\u308b\u3054\u8aac\u660e\u30fb\u3054\u76f8\u8ac7<\/span><\/label><\/span><span class=\"wpcf7-list-item\"><label><input type=\"checkbox\" name=\"naiyo[]\" value=\"\u30ab\u30bf\u30ed\u30b0\u8cc7\u6599\u8acb\u6c42\" \/><span class=\"wpcf7-list-item-label\">\u30ab\u30bf\u30ed\u30b0\u8cc7\u6599\u8acb\u6c42<\/span><\/label><\/span><span class=\"wpcf7-list-item\"><label><input type=\"checkbox\" name=\"naiyo[]\" value=\"\u88fd\u54c1\u306b\u3064\u3044\u3066\" \/><span class=\"wpcf7-list-item-label\">\u88fd\u54c1\u306b\u3064\u3044\u3066<\/span><\/label><\/span><span class=\"wpcf7-list-item\"><label><input type=\"checkbox\" name=\"naiyo[]\" value=\"\u4fa1\u683c\u30fb\u304a\u898b\u7a4d\u308a\" \/><span class=\"wpcf7-list-item-label\">\u4fa1\u683c\u30fb\u304a\u898b\u7a4d\u308a<\/span><\/label><\/span><span class=\"wpcf7-list-item\"><label><input type=\"checkbox\" name=\"naiyo[]\" value=\"\u5c55\u793a\u4f1a\u30fb\u30bb\u30df\u30ca\u30fc\u306b\u3064\u3044\u3066\" \/><span class=\"wpcf7-list-item-label\">\u5c55\u793a\u4f1a\u30fb\u30bb\u30df\u30ca\u30fc\u306b\u3064\u3044\u3066<\/span><\/label><\/span><span class=\"wpcf7-list-item\"><label><input type=\"checkbox\" name=\"naiyo[]\" value=\"\u30b5\u30fc\u30d3\u30b9\u306b\u3064\u3044\u3066\" \/><span class=\"wpcf7-list-item-label\">\u30b5\u30fc\u30d3\u30b9\u306b\u3064\u3044\u3066<\/span><\/label><\/span><span class=\"wpcf7-list-item\"><label><input type=\"checkbox\" name=\"naiyo[]\" value=\"\u6280\u8853\u7684\u306a\u304a\u554f\u3044\u5408\u308f\u305b\" \/><span class=\"wpcf7-list-item-label\">\u6280\u8853\u7684\u306a\u304a\u554f\u3044\u5408\u308f\u305b<\/span><\/label><\/span><span class=\"wpcf7-list-item last\"><label><input type=\"checkbox\" name=\"naiyo[]\" value=\"\u305d\u306e\u4ed6\" \/><span class=\"wpcf7-list-item-label\">\u305d\u306e\u4ed6<\/span><\/label><\/span><\/span><\/span>\u3000<\/td>\n<\/tr>\n<tr>\n<th><span class=\"title-srt\">\u5099\u8003\u6b04<\/span><\/th>\n<td><span class=\"wpcf7-form-control-wrap\" data-name=\"your-message\"><textarea name=\"your-message\" cols=\"40\" rows=\"10\" class=\"wpcf7-form-control wpcf7-textarea\" aria-invalid=\"false\" placeholder=\"\u3054\u8a18\u5165\u304f\u3060\u3055\u3044\u3002\"><\/textarea><\/span>\n<\/td>\n<\/tr>\n<\/table>\n<p><label>\u3000<a href=\"https:\/\/www.altech.co.jp\/privacy_policy\" target=\"_blank\">\u500b\u4eba\u60c5\u5831\u306e\u53d6\u6271\u3044\u306b\u3064\u3044\u3066<\/a>\u3092\u3054\u78ba\u8a8d\u3044\u305f\u3060\u304d\u3001\u5b9c\u3057\u3051\u308c\u3070\u300c\u500b\u4eba\u60c5\u5831\u306e\u53d6\u6271\u3044\u306b\u3064\u3044\u3066\u540c\u610f\u3059\u308b\u300d\u306b\u30c1\u30a7\u30c3\u30af\u3092\u3057\u3066\u3001\u6b21\u306b\u304a\u9032\u307f\u4e0b\u3055\u3044\u3002<\/label><br \/>\n    <span class=\"wpcf7-form-control-wrap\" data-name=\"acceptance-476\"><span class=\"wpcf7-form-control wpcf7-acceptance\"><span class=\"wpcf7-list-item\"><label><input type=\"checkbox\" name=\"acceptance-476\" value=\"1\" aria-invalid=\"false\" \/><span class=\"wpcf7-list-item-label\">\u500b\u4eba\u60c5\u5831\u306e\u53d6\u6271\u3044\u306b\u3064\u3044\u3066\u540c\u610f\u3059\u308b<\/span><\/label><\/span><\/span><\/span>\u3000 <\/p>\n<p><input type=\"submit\" value=\"\u9001\u4fe1\u3059\u308b\" class=\"wpcf7-form-control has-spinner wpcf7-submit\" \/> <\/p>\n<p><!-- \u4f4f\u6240\u81ea\u52d5\u5165\u529b --><br \/>\n<script src=\"https:\/\/ajaxzip3.github.io\/ajaxzip3.js\" charset=\"UTF-8\"><\/script><br \/>\n<script type=\"text\/javascript\">\njQuery(function(){\n  jQuery('#zip').keyup(function(event){\n    AjaxZip3.zip2addr(this,'','pref','addr');\n  })\n})\n<\/script><\/p>\n<p><!-- \u30b5\u30f3\u30ad\u30e5\u30fc\u30da\u30fc\u30b8\u306b\u9077\u79fb --><br \/>\n<script>\n  document.addEventListener( 'wpcf7mailsent', function( event ) {\n    location = 'https:\/\/www.altech.co.jp\/product\/davinor\/thanks\/';\n  }, false );\n<\/script><\/p>\n<div class=\"wpcf7-response-output\" aria-hidden=\"true\"><\/div><\/form><\/div><\/div>\n","protected":false},"excerpt":{"rendered":"LayerGauge\u306e\u7279\u6027 \u5e72\u6e09\u8a08\u306f\u3001\u5149\u8ef8\u306e\u7570\u306a\u308b\u5149\u3092\u91cd\u306d\u5408\u308f\u305b\u305f\u6642\u306b\u751f\u3058\u308b\u5149\u306e\u5e72\u6e09\u73fe\u8c61\u3092\u5fdc\u7528\u3057\u307e\u3059\u304c\u3001\u30b3\u30d2\u30fc\u30ec\u30f3\u30b9\u9577\u3092\u77ed\u304f\u3057\u3066\u3001\u53ef\u5e72\u6e09\u6027\u3092\u826f\u304f\u3059\u308b\u305f&#8230;","protected":false},"author":1,"featured_media":0,"parent":0,"menu_order":0,"comment_status":"closed","ping_status":"closed","template":"","meta":[],"_links":{"self":[{"href":"https:\/\/altech.co.jp\/product\/davinor\/wp-json\/wp\/v2\/pages\/54"}],"collection":[{"href":"https:\/\/altech.co.jp\/product\/davinor\/wp-json\/wp\/v2\/pages"}],"about":[{"href":"https:\/\/altech.co.jp\/product\/davinor\/wp-json\/wp\/v2\/types\/page"}],"author":[{"embeddable":true,"href":"https:\/\/altech.co.jp\/product\/davinor\/wp-json\/wp\/v2\/users\/1"}],"replies":[{"embeddable":true,"href":"https:\/\/altech.co.jp\/product\/davinor\/wp-json\/wp\/v2\/comments?post=54"}],"version-history":[{"count":6,"href":"https:\/\/altech.co.jp\/product\/davinor\/wp-json\/wp\/v2\/pages\/54\/revisions"}],"predecessor-version":[{"id":81,"href":"https:\/\/altech.co.jp\/product\/davinor\/wp-json\/wp\/v2\/pages\/54\/revisions\/81"}],"wp:attachment":[{"href":"https:\/\/altech.co.jp\/product\/davinor\/wp-json\/wp\/v2\/media?parent=54"}],"curies":[{"name":"wp","href":"https:\/\/api.w.org\/{rel}","templated":true}]}}