{"id":39,"date":"2022-07-05T10:55:10","date_gmt":"2022-07-05T01:55:10","guid":{"rendered":"https:\/\/altech.co.jp\/product\/davinor\/?page_id=39"},"modified":"2022-07-13T11:41:56","modified_gmt":"2022-07-13T02:41:56","slug":"contact","status":"publish","type":"page","link":"https:\/\/altech.co.jp\/product\/davinor\/contact\/","title":{"rendered":"\u304a\u554f\u3044\u5408\u308f\u305b"},"content":{"rendered":"\n<h3 class=\"style3a\" style=\"font-style:normal;font-weight:600\">\u304a\u554f\u3044\u5408\u308f\u305b\u30d5\u30a9\u30fc\u30e0<\/h3>\n\n\n\n<p>\u304a\u96fb\u8a71\uff0803-5542-6752\uff09\u307e\u305f\u306f\u3001\u4e0b\u8a18\u304a\u554f\u3044\u5408\u308f\u305b\u30d5\u30a9\u30fc\u30e0\u306b\u3066\u304a\u554f\u3044\u5408\u308f\u305b\u304f\u3060\u3055\u3044\u3002<\/p>\n\n\n\n<div class=\"wp-block-contact-form-7-contact-form-selector\"><div role=\"form\" class=\"wpcf7\" id=\"wpcf7-f35-o1\" lang=\"ja\" dir=\"ltr\">\n<div class=\"screen-reader-response\"><p role=\"status\" aria-live=\"polite\" aria-atomic=\"true\"><\/p> <ul><\/ul><\/div>\n<form action=\"\/product\/davinor\/wp-json\/wp\/v2\/pages\/39#wpcf7-f35-o1\" method=\"post\" class=\"wpcf7-form init\" novalidate=\"novalidate\" data-status=\"init\">\n<div style=\"display: none;\">\n<input type=\"hidden\" name=\"_wpcf7\" value=\"35\" \/>\n<input type=\"hidden\" name=\"_wpcf7_version\" value=\"5.6\" \/>\n<input type=\"hidden\" name=\"_wpcf7_locale\" value=\"ja\" \/>\n<input type=\"hidden\" name=\"_wpcf7_unit_tag\" value=\"wpcf7-f35-o1\" \/>\n<input type=\"hidden\" name=\"_wpcf7_container_post\" value=\"0\" \/>\n<input type=\"hidden\" name=\"_wpcf7_posted_data_hash\" value=\"\" \/>\n<\/div>\n<table class=\"respStyle\">\n<tr>\n<th><span class=\"title-srt\">\u4f1a\u793e\u540d (\u5fc5\u9808) <\/span> <\/th>\n<td><span class=\"wpcf7-form-control-wrap\" data-name=\"your-company\"><input type=\"text\" name=\"your-company\" value=\"\" size=\"40\" class=\"wpcf7-form-control wpcf7-text wpcf7-validates-as-required\" aria-required=\"true\" aria-invalid=\"false\" placeholder=\"\u4f8b\uff1a\u30a2\u30eb\u30c6\u30c3\u30af\u682a\u5f0f\u4f1a\u793e\" \/><\/span> <\/td>\n<\/tr>\n<tr>\n<th> <span class=\"title-srt\">\u90e8\u7f72\u540d<\/span><\/th>\n<td><span class=\"wpcf7-form-control-wrap\" data-name=\"your-belong\"><input type=\"text\" name=\"your-belong\" value=\"\" size=\"40\" class=\"wpcf7-form-control wpcf7-text\" aria-invalid=\"false\" placeholder=\"\u4f8b\uff1a\u7b2c\u4e00\u55b6\u696d\u90e8\" \/><\/span> <\/td>\n<\/tr>\n<tr>\n<th><span class=\"title-srt\">\u304a\u540d\u524d (\u5fc5\u9808) <\/span><\/th>\n<td><span class=\"wpcf7-form-control-wrap\" data-name=\"your-name\"><input type=\"text\" name=\"your-name\" value=\"\" size=\"40\" class=\"wpcf7-form-control wpcf7-text wpcf7-validates-as-required\" aria-required=\"true\" aria-invalid=\"false\" placeholder=\"\u4f8b\uff1a\u6709\u90fd \u4e00\u90ce\" \/><\/span> <\/td>\n<\/tr>\n<tr>\n<th><span class=\"title-srt\">\u30e1\u30fc\u30eb\u30a2\u30c9\u30ec\u30b9 (\u5fc5\u9808) <\/span><\/th>\n<td><span class=\"wpcf7-form-control-wrap\" data-name=\"your-email\"><input type=\"email\" name=\"your-email\" value=\"\" size=\"40\" class=\"wpcf7-form-control wpcf7-text wpcf7-email wpcf7-validates-as-required wpcf7-validates-as-email\" aria-required=\"true\" aria-invalid=\"false\" placeholder=\"\u4f8b\uff1a\u00d7\u00d7\u00d7@\u00d7\u00d7\u00d7.com\" \/><\/span><\/td>\n<\/tr>\n<tr>\n<th><span class=\"title-srt\">\u96fb\u8a71\u756a\u53f7 (\u5fc5\u9808) <\/span><\/th>\n<td><span class=\"wpcf7-form-control-wrap\" data-name=\"tel\"><input type=\"tel\" name=\"tel\" value=\"\" size=\"40\" class=\"wpcf7-form-control wpcf7-text wpcf7-tel wpcf7-validates-as-required wpcf7-validates-as-tel\" aria-required=\"true\" aria-invalid=\"false\" placeholder=\"\u4f8b\uff1a00-0000-0000\" \/><\/span> <\/td>\n<\/tr>\n<tr>\n<th><span class=\"title-srt\">\u90f5\u4fbf\u756a\u53f7 (\u5fc5\u9808) <\/span><\/th>\n<td><span class=\"wpcf7-form-control-wrap\" data-name=\"zip\"><input type=\"text\" name=\"zip\" value=\"\" size=\"40\" class=\"wpcf7-form-control wpcf7-text wpcf7-validates-as-required\" id=\"zip\" aria-required=\"true\" aria-invalid=\"false\" placeholder=\"\u90f5\u4fbf\u756a\u53f7\u3092\u5165\u529b\u3067\u3001\u4f4f\u6240\u304c\u81ea\u52d5\u3067\u5165\u529b\" \/><\/span> <\/td>\n<\/tr>\n<tr>\n<th><span class=\"title-srt\">\u90fd\u9053\u5e9c\u770c (\u5fc5\u9808) <\/span><\/th>\n<td><span class=\"wpcf7-form-control-wrap\" data-name=\"pref\"><input type=\"text\" name=\"pref\" value=\"\" size=\"40\" class=\"wpcf7-form-control wpcf7-text wpcf7-validates-as-required\" id=\"pref\" aria-required=\"true\" aria-invalid=\"false\" placeholder=\"\u4f8b\uff1a\u25cb\u25cb\u770c\" \/><\/span><\/td>\n<\/tr>\n<tr>\n<th><span class=\"title-srt\">\u3054\u4f4f\u6240 (\u5fc5\u9808) <\/span><\/th>\n<td><span class=\"wpcf7-form-control-wrap\" data-name=\"addr\"><input type=\"text\" name=\"addr\" value=\"\" size=\"40\" class=\"wpcf7-form-control wpcf7-text wpcf7-validates-as-required\" id=\"addr\" aria-required=\"true\" aria-invalid=\"false\" placeholder=\"\u4f8b\uff1a\u25cb\u25cb\u5e02\u25cb\u25cb\u753a1\u4e01\u76ee2-3 \u25cb\u25cb\u30d3\u30eb\" \/><\/span><\/td>\n<\/tr>\n<tr>\n<th><span class=\"title-srt\">\u304a\u554f\u3044\u5408\u308f\u305b\u5185\u5bb9 (\u5fc5\u9808) <\/span><\/th>\n<td> <span class=\"wpcf7-form-control-wrap\" data-name=\"naiyo\"><span class=\"wpcf7-form-control wpcf7-checkbox wpcf7-validates-as-required\"><span class=\"wpcf7-list-item first\"><label><input type=\"checkbox\" name=\"naiyo[]\" value=\"\u30aa\u30f3\u30e9\u30a4\u30f3\u306b\u3088\u308b\u3054\u8aac\u660e\u30fb\u3054\u76f8\u8ac7\" \/><span class=\"wpcf7-list-item-label\">\u30aa\u30f3\u30e9\u30a4\u30f3\u306b\u3088\u308b\u3054\u8aac\u660e\u30fb\u3054\u76f8\u8ac7<\/span><\/label><\/span><span class=\"wpcf7-list-item\"><label><input type=\"checkbox\" name=\"naiyo[]\" value=\"\u8a2a\u554f\u306b\u3088\u308b\u3054\u8aac\u660e\u30fb\u3054\u76f8\u8ac7\" \/><span class=\"wpcf7-list-item-label\">\u8a2a\u554f\u306b\u3088\u308b\u3054\u8aac\u660e\u30fb\u3054\u76f8\u8ac7<\/span><\/label><\/span><span class=\"wpcf7-list-item\"><label><input type=\"checkbox\" name=\"naiyo[]\" value=\"\u30ab\u30bf\u30ed\u30b0\u8cc7\u6599\u8acb\u6c42\" \/><span class=\"wpcf7-list-item-label\">\u30ab\u30bf\u30ed\u30b0\u8cc7\u6599\u8acb\u6c42<\/span><\/label><\/span><span class=\"wpcf7-list-item\"><label><input type=\"checkbox\" name=\"naiyo[]\" value=\"\u88fd\u54c1\u306b\u3064\u3044\u3066\" \/><span class=\"wpcf7-list-item-label\">\u88fd\u54c1\u306b\u3064\u3044\u3066<\/span><\/label><\/span><span class=\"wpcf7-list-item\"><label><input type=\"checkbox\" name=\"naiyo[]\" value=\"\u4fa1\u683c\u30fb\u304a\u898b\u7a4d\u308a\" \/><span class=\"wpcf7-list-item-label\">\u4fa1\u683c\u30fb\u304a\u898b\u7a4d\u308a<\/span><\/label><\/span><span class=\"wpcf7-list-item\"><label><input type=\"checkbox\" name=\"naiyo[]\" value=\"\u5c55\u793a\u4f1a\u30fb\u30bb\u30df\u30ca\u30fc\u306b\u3064\u3044\u3066\" \/><span class=\"wpcf7-list-item-label\">\u5c55\u793a\u4f1a\u30fb\u30bb\u30df\u30ca\u30fc\u306b\u3064\u3044\u3066<\/span><\/label><\/span><span class=\"wpcf7-list-item\"><label><input type=\"checkbox\" name=\"naiyo[]\" value=\"\u30b5\u30fc\u30d3\u30b9\u306b\u3064\u3044\u3066\" \/><span class=\"wpcf7-list-item-label\">\u30b5\u30fc\u30d3\u30b9\u306b\u3064\u3044\u3066<\/span><\/label><\/span><span class=\"wpcf7-list-item\"><label><input type=\"checkbox\" name=\"naiyo[]\" value=\"\u6280\u8853\u7684\u306a\u304a\u554f\u3044\u5408\u308f\u305b\" \/><span class=\"wpcf7-list-item-label\">\u6280\u8853\u7684\u306a\u304a\u554f\u3044\u5408\u308f\u305b<\/span><\/label><\/span><span class=\"wpcf7-list-item last\"><label><input type=\"checkbox\" name=\"naiyo[]\" value=\"\u305d\u306e\u4ed6\" \/><span class=\"wpcf7-list-item-label\">\u305d\u306e\u4ed6<\/span><\/label><\/span><\/span><\/span>\u3000<\/td>\n<\/tr>\n<tr>\n<th><span class=\"title-srt\">\u5099\u8003\u6b04<\/span><\/th>\n<td><span class=\"wpcf7-form-control-wrap\" data-name=\"your-message\"><textarea name=\"your-message\" cols=\"40\" rows=\"10\" class=\"wpcf7-form-control wpcf7-textarea\" aria-invalid=\"false\" placeholder=\"\u3054\u8a18\u5165\u304f\u3060\u3055\u3044\u3002\"><\/textarea><\/span>\n<\/td>\n<\/tr>\n<\/table>\n<p><label>\u3000<a href=\"https:\/\/www.altech.co.jp\/privacy_policy\" target=\"_blank\">\u500b\u4eba\u60c5\u5831\u306e\u53d6\u6271\u3044\u306b\u3064\u3044\u3066<\/a>\u3092\u3054\u78ba\u8a8d\u3044\u305f\u3060\u304d\u3001\u5b9c\u3057\u3051\u308c\u3070\u300c\u500b\u4eba\u60c5\u5831\u306e\u53d6\u6271\u3044\u306b\u3064\u3044\u3066\u540c\u610f\u3059\u308b\u300d\u306b\u30c1\u30a7\u30c3\u30af\u3092\u3057\u3066\u3001\u6b21\u306b\u304a\u9032\u307f\u4e0b\u3055\u3044\u3002<\/label><br \/>\n    <span class=\"wpcf7-form-control-wrap\" data-name=\"acceptance-476\"><span class=\"wpcf7-form-control wpcf7-acceptance\"><span class=\"wpcf7-list-item\"><label><input type=\"checkbox\" name=\"acceptance-476\" value=\"1\" aria-invalid=\"false\" \/><span class=\"wpcf7-list-item-label\">\u500b\u4eba\u60c5\u5831\u306e\u53d6\u6271\u3044\u306b\u3064\u3044\u3066\u540c\u610f\u3059\u308b<\/span><\/label><\/span><\/span><\/span>\u3000 <\/p>\n<p><input type=\"submit\" value=\"\u9001\u4fe1\u3059\u308b\" class=\"wpcf7-form-control has-spinner wpcf7-submit\" \/> <\/p>\n<p><!-- \u4f4f\u6240\u81ea\u52d5\u5165\u529b --><br \/>\n<script src=\"https:\/\/ajaxzip3.github.io\/ajaxzip3.js\" charset=\"UTF-8\"><\/script><br \/>\n<script type=\"text\/javascript\">\njQuery(function(){\n  jQuery('#zip').keyup(function(event){\n    AjaxZip3.zip2addr(this,'','pref','addr');\n  })\n})\n<\/script><\/p>\n<p><!-- \u30b5\u30f3\u30ad\u30e5\u30fc\u30da\u30fc\u30b8\u306b\u9077\u79fb --><br \/>\n<script>\n  document.addEventListener( 'wpcf7mailsent', function( event ) {\n    location = 'https:\/\/www.altech.co.jp\/product\/davinor\/thanks\/';\n  }, false );\n<\/script><\/p>\n<div class=\"wpcf7-response-output\" aria-hidden=\"true\"><\/div><\/form><\/div><\/div>\n","protected":false},"excerpt":{"rendered":"\u304a\u554f\u3044\u5408\u308f\u305b\u30d5\u30a9\u30fc\u30e0 \u304a\u96fb\u8a71\uff0803-5542-6752\uff09\u307e\u305f\u306f\u3001\u4e0b\u8a18\u304a\u554f\u3044\u5408\u308f\u305b\u30d5\u30a9\u30fc\u30e0\u306b\u3066\u304a\u554f\u3044\u5408\u308f\u305b\u304f\u3060\u3055\u3044\u3002","protected":false},"author":1,"featured_media":0,"parent":0,"menu_order":0,"comment_status":"closed","ping_status":"closed","template":"","meta":[],"_links":{"self":[{"href":"https:\/\/altech.co.jp\/product\/davinor\/wp-json\/wp\/v2\/pages\/39"}],"collection":[{"href":"https:\/\/altech.co.jp\/product\/davinor\/wp-json\/wp\/v2\/pages"}],"about":[{"href":"https:\/\/altech.co.jp\/product\/davinor\/wp-json\/wp\/v2\/types\/page"}],"author":[{"embeddable":true,"href":"https:\/\/altech.co.jp\/product\/davinor\/wp-json\/wp\/v2\/users\/1"}],"replies":[{"embeddable":true,"href":"https:\/\/altech.co.jp\/product\/davinor\/wp-json\/wp\/v2\/comments?post=39"}],"version-history":[{"count":3,"href":"https:\/\/altech.co.jp\/product\/davinor\/wp-json\/wp\/v2\/pages\/39\/revisions"}],"predecessor-version":[{"id":42,"href":"https:\/\/altech.co.jp\/product\/davinor\/wp-json\/wp\/v2\/pages\/39\/revisions\/42"}],"wp:attachment":[{"href":"https:\/\/altech.co.jp\/product\/davinor\/wp-json\/wp\/v2\/media?parent=39"}],"curies":[{"name":"wp","href":"https:\/\/api.w.org\/{rel}","templated":true}]}}